{"id":1043,"date":"2023-10-14T22:18:12","date_gmt":"2023-10-14T20:18:12","guid":{"rendered":"https:\/\/sfbvwatches.com\/?page_id=1043"},"modified":"2026-03-02T22:40:51","modified_gmt":"2026-03-02T21:40:51","slug":"contact","status":"publish","type":"page","link":"https:\/\/sifibeauvois.com\/fr\/contact\/","title":{"rendered":"Contact"},"content":{"rendered":"<div id=\"fws_69ddc0d057e4d\"  data-column-margin=\"default\" data-midnight=\"dark\" data-top-percent=\"10%\" data-bottom-percent=\"10%\"  class=\"wpb_row vc_row-fluid vc_row full-width-content has-row-bg-color vc_row-o-equal-height vc_row-flex vc_row-o-content-top  right_padding_25pct left_padding_25pct top_padding_tablet_10pct top_padding_phone_20pct bottom_padding_tablet_10pct bottom_padding_phone_50pct right_padding_tablet_8pct right_padding_phone_8pct left_padding_tablet_8pct left_padding_phone_8pct\"  style=\"padding-top: calc(100vw * 0.10); padding-bottom: calc(100vw * 0.10); --row-bg-color: #ffffff;\"><div class=\"row-bg-wrap\" data-bg-animation=\"none\" data-bg-animation-delay=\"\" data-bg-overlay=\"false\"><div class=\"inner-wrap row-bg-layer\" ><div class=\"row-bg viewport-desktop using-bg-color\"  style=\"background-color: #ffffff; \"><\/div><\/div><\/div><div class=\"row_col_wrap_12 col span_12 dark left\">\n\t<div style=\" color: #000000;\" class=\"vc_col-sm-12 wpb_column column_container vc_column_container col has-animation force-desktop-text-align-center\" data-cfc=\"true\"  data-padding-pos=\"all\" data-has-bg-color=\"false\" data-bg-color=\"\" data-bg-opacity=\"1\" data-animation=\"flip-in-vertical\" data-delay=\"0\" >\n\t\t<div class=\"vc_column-inner\" >\n\t\t\t<div class=\"wpb_wrapper\">\n\t\t\t\t<div class=\"nectar-split-heading\" data-align=\"default\" data-m-align=\"inherit\" data-text-effect=\"default\" data-animation-type=\"line-reveal-by-space\" data-animation-delay=\"0\" data-animation-offset=\"\" data-m-rm-animation=\"\" data-stagger=\"true\" data-custom-font-size=\"false\" ><h1 >Contact<\/h1><\/div>\n<div class=\"wpb_text_column wpb_content_element\" >\n\t<p>Nous accordons une grande importance \u00e0 nos clients actuels et futurs et restons \u00e0 votre disposition pour toute question ou demande. Pour toute requ\u00eate, veuillez compl\u00e9ter le formulaire ci-dessous ou nous contacter directement \u00e0 l\u2019adresse suivante : contact@sifibeauvois.com<\/p>\n<\/div>\n\n\n\n\n<div class=\"wpb_text_column wpb_content_element\" >\n\t<div class='fluentform ff-default fluentform_wrapper_9 ffs_default_wrap'><form data-form_id=\"9\" id=\"fluentform_9\" class=\"frm-fluent-form fluent_form_9 ff-el-form-top ff_form_instance_9_1 ff-form-loading ffs_default\" data-form_instance=\"ff_form_instance_9_1\" method=\"POST\" action=\"\" ><fieldset  style=\"border: none!important;margin: 0!important;padding: 0!important;background-color: transparent!important;box-shadow: none!important;outline: none!important; min-inline-size: 100%;\">\n                    <legend class=\"ff_screen_reader_title\" style=\"display: block; margin: 0!important;padding: 0!important;height: 0!important;text-indent: -999999px;width: 0!important;overflow:hidden;\">Contact Form<\/legend><input type='hidden' name='__fluent_form_embded_post_id' value='1043' \/><input type=\"hidden\" id=\"_fluentform_9_fluentformnonce\" name=\"_fluentform_9_fluentformnonce\" value=\"3586130f2f\" \/><input type=\"hidden\" name=\"_wp_http_referer\" value=\"\/fr\/wp-json\/wp\/v2\/pages\/1043\" \/><div data-name=\"ff_cn_id_1\"  class='ff-t-container ff-column-container ff_columns_total_2'><div class='ff-t-cell ff-t-column-1' style='flex-basis: 50%;'><div class='ff-el-group ff-el-form-hide_label'><div class=\"ff-el-input--label ff-el-is-required asterisk-right\"><label for='ff_9_first_name' id='label_ff_9_first_name' >Pr\u00e9nom<\/label><\/div><div class='ff-el-input--content'><input type=\"text\" name=\"first_name\" class=\"ff-el-form-control\" placeholder=\"Pr\u00e9nom\" data-name=\"first_name\" id=\"ff_9_first_name\"  aria-invalid=\"false\" aria-required=\"true\"><\/div><\/div><\/div><div class='ff-t-cell ff-t-column-2' style='flex-basis: 50%;'><div class='ff-el-group ff-el-form-hide_label'><div class=\"ff-el-input--label ff-el-is-required asterisk-right\"><label for='ff_9_last_name' id='label_ff_9_last_name' >Nom<\/label><\/div><div class='ff-el-input--content'><input type=\"text\" name=\"last_name\" class=\"ff-el-form-control\" placeholder=\"Nom\" data-name=\"last_name\" id=\"ff_9_last_name\"  aria-invalid=\"false\" aria-required=\"true\"><\/div><\/div><\/div><\/div><div class='ff-el-group ff-el-form-hide_label'><div class=\"ff-el-input--label ff-el-is-required asterisk-right\"><label for='ff_9_email' id='label_ff_9_email' aria-label=\"Email\">Email<\/label><\/div><div class='ff-el-input--content'><input type=\"email\" name=\"email\" id=\"ff_9_email\" class=\"ff-el-form-control\" placeholder=\"Adresse e-mail\" data-name=\"email\"  aria-invalid=\"false\" aria-required=\"true\"><\/div><\/div><div class='ff-el-group ff-el-form-hide_label'><div class=\"ff-el-input--label ff-el-is-required asterisk-right\"><label for='ff_9_subject' id='label_ff_9_subject' aria-label=\"Sujet\">Sujet<\/label><\/div><div class='ff-el-input--content'><input type=\"text\" name=\"subject\" class=\"ff-el-form-control\" placeholder=\"Sujet\" data-name=\"subject\" id=\"ff_9_subject\"  aria-invalid=\"false\" aria-required=\"true\"><\/div><\/div><div class='ff-el-group ff-el-form-hide_label'><div class=\"ff-el-input--label ff-el-is-required asterisk-right\"><label for='ff_9_message' id='label_ff_9_message' aria-label=\"Message\">Message<\/label><\/div><div class='ff-el-input--content'><textarea aria-required=\"true\" aria-labelledby=\"label_ff_9_message\" name=\"message\" id=\"ff_9_message\" class=\"ff-el-form-control\" placeholder=\"Message\" rows=\"3\" cols=\"2\" data-name=\"message\" ><\/textarea><\/div><\/div><div class='ff-el-group' ><div class='ff-el-input--content'><div data-fluent_id='9' name='g-recaptcha-response'><div\n\t\tdata-sitekey='6Lf4yzoqAAAAAOZTc7_yYtZSVf5RMMTJAtfcTH6G'\n\t\tid='fluentform-recaptcha-9-1'\n\t\tclass='ff-el-recaptcha g-recaptcha'\n\t\tdata-callback='fluentFormrecaptchaSuccessCallback'><\/div><\/div><\/div><\/div><div class='ff-el-group ff-text-center ff_submit_btn_wrapper'><button type=\"submit\" class=\"ff-btn ff-btn-submit ff-btn-md ff_btn_style wpf_has_custom_css\"  aria-label=\"Envoyer\">Envoyer<\/button><\/div><\/fieldset><input type=\"hidden\" name=\"trp-form-language\" value=\"fr\"\/><\/form><div id='fluentform_9_errors' class='ff-errors-in-stack ff_form_instance_9_1 ff-form-loading_errors ff_form_instance_9_1_errors'><\/div><\/div>            <script type=\"text\/javascript\">\n                window.fluent_form_ff_form_instance_9_1 = {\"id\":\"9\",\"settings\":{\"layout\":{\"labelPlacement\":\"top\",\"asteriskPlacement\":\"asterisk-right\",\"helpMessagePlacement\":\"with_label\",\"errorMessagePlacement\":\"inline\",\"cssClassName\":\"\"},\"restrictions\":{\"denyEmptySubmission\":{\"enabled\":false}}},\"form_instance\":\"ff_form_instance_9_1\",\"form_id_selector\":\"fluentform_9\",\"rules\":{\"first_name\":{\"required\":{\"value\":true,\"message\":\"Ce champ est obligatoire\",\"global_message\":\"This field is required\",\"global\":true}},\"last_name\":{\"required\":{\"value\":true,\"message\":\"Ce champ est obligatoire\",\"global_message\":\"This field is required\",\"global\":true}},\"email\":{\"required\":{\"value\":true,\"message\":\"Ce champ est obligatoire\",\"global_message\":\"This field is required\",\"global\":true},\"email\":{\"value\":true,\"message\":\"Ce champ doit contenir un e-mail valide\",\"global_message\":\"This field must contain a valid email\",\"global\":true}},\"subject\":{\"required\":{\"value\":true,\"message\":\"Ce champ est obligatoire\",\"global_message\":\"This field is required\",\"global\":true}},\"message\":{\"required\":{\"value\":true,\"message\":\"Ce champ est obligatoire\",\"global_message\":\"This field is required\",\"global\":true}},\"g-recaptcha-response\":[]},\"debounce_time\":300};\n                            <\/script>\n            \n<\/div>\n\n\n\n\n\t\t\t<\/div> \n\t\t<\/div>\n\t<\/div> \n<\/div><\/div>","protected":false},"excerpt":{"rendered":"Contact We highly value our current and future clients and remain at your disposal for any questions or inquiries. For any request, please complete the form below or contact us...","protected":false},"author":1,"featured_media":0,"parent":0,"menu_order":0,"comment_status":"closed","ping_status":"closed","template":"","meta":{"_acf_changed":false,"footnotes":""},"class_list":["post-1043","page","type-page","status-publish"],"acf":[],"yoast_head":"<!-- This site is optimized with the Yoast SEO Premium plugin v27.3 (Yoast SEO v27.3) - https:\/\/yoast.com\/product\/yoast-seo-premium-wordpress\/ -->\n<title>Contact &#8211; SIFI BEAUVOIS<\/title>\n<meta name=\"robots\" content=\"index, follow, max-snippet:-1, max-image-preview:large, max-video-preview:-1\" \/>\n<link rel=\"canonical\" href=\"https:\/\/sifibeauvois.com\/fr\/contact\/\" \/>\n<meta property=\"og:locale\" content=\"fr_FR\" \/>\n<meta property=\"og:type\" content=\"article\" \/>\n<meta property=\"og:title\" content=\"Contact\" \/>\n<meta property=\"og:url\" content=\"https:\/\/sifibeauvois.com\/fr\/contact\/\" \/>\n<meta property=\"og:site_name\" content=\"SIFI BEAUVOIS\" \/>\n<meta property=\"article:publisher\" content=\"https:\/\/www.instagram.com\/sifibeauvois\/\" \/>\n<meta property=\"article:modified_time\" content=\"2026-03-02T21:40:51+00:00\" \/>\n<meta name=\"twitter:card\" content=\"summary_large_image\" \/>\n<meta name=\"twitter:label1\" content=\"Dur\u00e9e de lecture estim\u00e9e\" \/>\n\t<meta name=\"twitter:data1\" content=\"2 minutes\" \/>\n<script type=\"application\/ld+json\" class=\"yoast-schema-graph\">{\"@context\":\"https:\\\/\\\/schema.org\",\"@graph\":[{\"@type\":\"WebPage\",\"@id\":\"https:\\\/\\\/sifibeauvois.com\\\/contact\\\/\",\"url\":\"https:\\\/\\\/sifibeauvois.com\\\/contact\\\/\",\"name\":\"Contact &#8211; SIFI BEAUVOIS\",\"isPartOf\":{\"@id\":\"https:\\\/\\\/sifibeauvois.com\\\/#website\"},\"datePublished\":\"2023-10-14T20:18:12+00:00\",\"dateModified\":\"2026-03-02T21:40:51+00:00\",\"breadcrumb\":{\"@id\":\"https:\\\/\\\/sifibeauvois.com\\\/contact\\\/#breadcrumb\"},\"inLanguage\":\"fr-FR\",\"potentialAction\":[{\"@type\":\"ReadAction\",\"target\":[\"https:\\\/\\\/sifibeauvois.com\\\/contact\\\/\"]}]},{\"@type\":\"BreadcrumbList\",\"@id\":\"https:\\\/\\\/sifibeauvois.com\\\/contact\\\/#breadcrumb\",\"itemListElement\":[{\"@type\":\"ListItem\",\"position\":1,\"name\":\"Home\",\"item\":\"https:\\\/\\\/sifibeauvois.com\\\/\"},{\"@type\":\"ListItem\",\"position\":2,\"name\":\"Contact\"}]},{\"@type\":\"WebSite\",\"@id\":\"https:\\\/\\\/sifibeauvois.com\\\/#website\",\"url\":\"https:\\\/\\\/sifibeauvois.com\\\/\",\"name\":\"SIFI BEAUVOIS\",\"description\":\"High-End Watchmaking\",\"publisher\":{\"@id\":\"https:\\\/\\\/sifibeauvois.com\\\/#organization\"},\"potentialAction\":[{\"@type\":\"SearchAction\",\"target\":{\"@type\":\"EntryPoint\",\"urlTemplate\":\"https:\\\/\\\/sifibeauvois.com\\\/?s={search_term_string}\"},\"query-input\":{\"@type\":\"PropertyValueSpecification\",\"valueRequired\":true,\"valueName\":\"search_term_string\"}}],\"inLanguage\":\"fr-FR\"},{\"@type\":\"Organization\",\"@id\":\"https:\\\/\\\/sifibeauvois.com\\\/#organization\",\"name\":\"SIFI BEAUVOIS\",\"url\":\"https:\\\/\\\/sifibeauvois.com\\\/\",\"logo\":{\"@type\":\"ImageObject\",\"inLanguage\":\"fr-FR\",\"@id\":\"https:\\\/\\\/sifibeauvois.com\\\/#\\\/schema\\\/logo\\\/image\\\/\",\"url\":\"https:\\\/\\\/sifibeauvois.com\\\/wp-content\\\/uploads\\\/2024\\\/08\\\/LOGO-SIFI-BEAUVOIS-72.png\",\"contentUrl\":\"https:\\\/\\\/sifibeauvois.com\\\/wp-content\\\/uploads\\\/2024\\\/08\\\/LOGO-SIFI-BEAUVOIS-72.png\",\"width\":4096,\"height\":4096,\"caption\":\"SIFI BEAUVOIS\"},\"image\":{\"@id\":\"https:\\\/\\\/sifibeauvois.com\\\/#\\\/schema\\\/logo\\\/image\\\/\"},\"sameAs\":[\"https:\\\/\\\/www.instagram.com\\\/sifibeauvois\\\/\"]}]}<\/script>\n<!-- \/ Yoast SEO Premium plugin. -->","yoast_head_json":{"title":"Contact &#8211; SIFI BEAUVOIS","robots":{"index":"index","follow":"follow","max-snippet":"max-snippet:-1","max-image-preview":"max-image-preview:large","max-video-preview":"max-video-preview:-1"},"canonical":"https:\/\/sifibeauvois.com\/fr\/contact\/","og_locale":"fr_FR","og_type":"article","og_title":"Contact","og_url":"https:\/\/sifibeauvois.com\/fr\/contact\/","og_site_name":"SIFI BEAUVOIS","article_publisher":"https:\/\/www.instagram.com\/sifibeauvois\/","article_modified_time":"2026-03-02T21:40:51+00:00","twitter_card":"summary_large_image","twitter_misc":{"Dur\u00e9e de lecture estim\u00e9e":"2 minutes"},"schema":{"@context":"https:\/\/schema.org","@graph":[{"@type":"WebPage","@id":"https:\/\/sifibeauvois.com\/contact\/","url":"https:\/\/sifibeauvois.com\/contact\/","name":"Contact &#8211; SIFI BEAUVOIS","isPartOf":{"@id":"https:\/\/sifibeauvois.com\/#website"},"datePublished":"2023-10-14T20:18:12+00:00","dateModified":"2026-03-02T21:40:51+00:00","breadcrumb":{"@id":"https:\/\/sifibeauvois.com\/contact\/#breadcrumb"},"inLanguage":"fr-FR","potentialAction":[{"@type":"ReadAction","target":["https:\/\/sifibeauvois.com\/contact\/"]}]},{"@type":"BreadcrumbList","@id":"https:\/\/sifibeauvois.com\/contact\/#breadcrumb","itemListElement":[{"@type":"ListItem","position":1,"name":"Home","item":"https:\/\/sifibeauvois.com\/"},{"@type":"ListItem","position":2,"name":"Contact"}]},{"@type":"WebSite","@id":"https:\/\/sifibeauvois.com\/#website","url":"https:\/\/sifibeauvois.com\/","name":"SIFI BEAUVOIS","description":"High-End Watchmaking","publisher":{"@id":"https:\/\/sifibeauvois.com\/#organization"},"potentialAction":[{"@type":"SearchAction","target":{"@type":"EntryPoint","urlTemplate":"https:\/\/sifibeauvois.com\/?s={search_term_string}"},"query-input":{"@type":"PropertyValueSpecification","valueRequired":true,"valueName":"search_term_string"}}],"inLanguage":"fr-FR"},{"@type":"Organization","@id":"https:\/\/sifibeauvois.com\/#organization","name":"SIFI BEAUVOIS","url":"https:\/\/sifibeauvois.com\/","logo":{"@type":"ImageObject","inLanguage":"fr-FR","@id":"https:\/\/sifibeauvois.com\/#\/schema\/logo\/image\/","url":"https:\/\/sifibeauvois.com\/wp-content\/uploads\/2024\/08\/LOGO-SIFI-BEAUVOIS-72.png","contentUrl":"https:\/\/sifibeauvois.com\/wp-content\/uploads\/2024\/08\/LOGO-SIFI-BEAUVOIS-72.png","width":4096,"height":4096,"caption":"SIFI BEAUVOIS"},"image":{"@id":"https:\/\/sifibeauvois.com\/#\/schema\/logo\/image\/"},"sameAs":["https:\/\/www.instagram.com\/sifibeauvois\/"]}]}},"_links":{"self":[{"href":"https:\/\/sifibeauvois.com\/fr\/wp-json\/wp\/v2\/pages\/1043","targetHints":{"allow":["GET"]}}],"collection":[{"href":"https:\/\/sifibeauvois.com\/fr\/wp-json\/wp\/v2\/pages"}],"about":[{"href":"https:\/\/sifibeauvois.com\/fr\/wp-json\/wp\/v2\/types\/page"}],"author":[{"embeddable":true,"href":"https:\/\/sifibeauvois.com\/fr\/wp-json\/wp\/v2\/users\/1"}],"replies":[{"embeddable":true,"href":"https:\/\/sifibeauvois.com\/fr\/wp-json\/wp\/v2\/comments?post=1043"}],"version-history":[{"count":129,"href":"https:\/\/sifibeauvois.com\/fr\/wp-json\/wp\/v2\/pages\/1043\/revisions"}],"predecessor-version":[{"id":5906,"href":"https:\/\/sifibeauvois.com\/fr\/wp-json\/wp\/v2\/pages\/1043\/revisions\/5906"}],"wp:attachment":[{"href":"https:\/\/sifibeauvois.com\/fr\/wp-json\/wp\/v2\/media?parent=1043"}],"curies":[{"name":"wp","href":"https:\/\/api.w.org\/{rel}","templated":true}]}}