{"id":2444,"date":"2024-07-22T11:41:36","date_gmt":"2024-07-22T09:41:36","guid":{"rendered":"https:\/\/sfbvwatches.com\/?page_id=2444"},"modified":"2026-03-29T20:34:39","modified_gmt":"2026-03-29T18:34:39","slug":"servicing","status":"publish","type":"page","link":"https:\/\/sifibeauvois.com\/fr\/servicing\/","title":{"rendered":"R\u00e9vision"},"content":{"rendered":"<div id=\"fws_69dde3c0c76b9\"  data-column-margin=\"default\" data-midnight=\"dark\" data-top-percent=\"15%\" data-bottom-percent=\"30%\"  class=\"wpb_row vc_row-fluid vc_row full-width-content has-row-bg-color vc_row-o-equal-height vc_row-flex vc_row-o-content-top  right_padding_5pct left_padding_5pct top_padding_tablet_20pct top_padding_phone_40pct bottom_padding_tablet_40pct bottom_padding_phone_80pct right_padding_tablet_8pct right_padding_phone_8pct left_padding_tablet_8pct left_padding_phone_8pct\"  style=\"padding-top: calc(100vw * 0.15); padding-bottom: calc(100vw * 0.30); --row-bg-color: #ffffff;\"><div class=\"row-bg-wrap\" data-bg-animation=\"none\" data-bg-animation-delay=\"\" data-bg-overlay=\"true\"><div class=\"inner-wrap row-bg-layer using-image\" ><div class=\"row-bg viewport-desktop using-image using-bg-color\"  style=\"background-image: url(https:\/\/sifibeauvois.com\/wp-content\/uploads\/2026\/01\/Movement-Render6_2Rec2-scaled.png); background-position: center center; background-repeat: no-repeat; background-color: #ffffff; \"><\/div><\/div><div class=\"row-bg-overlay row-bg-layer\" style=\"background-color:#000000;  opacity: 0.8; \"><\/div><\/div><div class=\"row_col_wrap_12 col span_12 dark left\">\n\t<div style=\" color: #ffffff;margin-top: 5%; margin-bottom: 20%; \" class=\"vc_col-sm-12 wpb_column column_container vc_column_container col has-animation force-desktop-text-align-center top_margin_tablet_10pct top_margin_phone_20pct bottom_margin_tablet_40pct bottom_margin_phone_60pct flex_gap_desktop_10px\" data-cfc=\"true\"  data-padding-pos=\"all\" data-has-bg-color=\"false\" data-bg-color=\"\" data-bg-opacity=\"1\" data-animation=\"flip-in-vertical\" data-delay=\"0\" >\n\t\t<div class=\"vc_column-inner\" >\n\t\t\t<div class=\"wpb_wrapper\">\n\t\t\t\t<div class=\"nectar-split-heading\" data-align=\"default\" data-m-align=\"inherit\" data-text-effect=\"default\" data-animation-type=\"line-reveal-by-space\" data-animation-delay=\"0\" data-animation-offset=\"\" data-m-rm-animation=\"\" data-stagger=\"\" data-custom-font-size=\"false\" ><h1 >R\u00e9vision<\/h1><\/div>\n\t\t\t<\/div> \n\t\t<\/div>\n\t<\/div> \n\n\t<div style=\" color: #ffffff;\" class=\"vc_col-sm-12 sb-col-shadow wpb_column column_container vc_column_container col has-animation right_margin_25pct right_margin_tablet_0px right_margin_phone_0px left_padding_desktop_5pct top_padding_desktop_5pct top_padding_tablet_10pct top_padding_phone_15pct right_padding_desktop_5pct bottom_padding_desktop_5pct bottom_padding_tablet_10pct bottom_padding_phone_15pct flex_gap_desktop_10px\" data-cfc=\"true\" data-using-bg=\"true\" data-padding-pos=\"all\" data-has-bg-color=\"true\" data-bg-color=\"#000000\" data-bg-opacity=\"0.8\" data-animation=\"flip-in-vertical\" data-delay=\"0\" >\n\t\t<div class=\"vc_column-inner\" ><div class=\"column-bg-overlay-wrap column-bg-layer\" data-bg-animation=\"none\"><div class=\"column-bg-overlay\" style=\"opacity: 0.8; background-color: #000000;\"><\/div><\/div>\n\t\t\t<div class=\"wpb_wrapper\">\n\t\t\t\t<div class=\"divider-wrap\" data-alignment=\"default\"><div style=\"margin-top: 12.5px; width: 80px; height: 10px; margin-bottom: 12.5px;\" data-width=\"80px\" data-animate=\"\" data-animation-delay=\"\" data-color=\"white\" class=\"divider-small-border\"><\/div><\/div>\n<div class=\"wpb_text_column wpb_content_element\" >\n\t<p>Les montres SIFI BEAUVOIS sont des garde-temps m\u00e9caniques de haute pr\u00e9cision, compos\u00e9s de nombreux composants miniatures assembl\u00e9s avec le plus grand soin afin de garantir fiabilit\u00e9, robustesse et performance. Comme pour toute montre m\u00e9canique, une r\u00e9vision p\u00e9riodique est essentielle pour pr\u00e9server les performances dans le temps.<\/p>\n<p>Nous recommandons une r\u00e9vision compl\u00e8te tous les cinq ans afin d\u2019assurer une pr\u00e9cision durable, une \u00e9tanch\u00e9it\u00e9 conforme aux sp\u00e9cifications d\u2019origine et un fonctionnement optimal.<\/p>\n<p>Pour envoyer votre montre en r\u00e9vision, veuillez <a href=\"http:\/\/sifibeauvois.com\/fr\/contact\/\">nous contacter<\/a>.<\/p>\n<\/div>\n\n\n\n\n\t\t\t<\/div> \n\t\t<\/div>\n\t<\/div> \n<\/div><\/div>\n\t\t<div id=\"fws_69dde3c0c8929\"  data-column-margin=\"default\" data-midnight=\"dark\"  class=\"wpb_row vc_row-fluid vc_row full-width-content vc_row-o-equal-height vc_row-flex vc_row-o-content-top\"  style=\"padding-top: 0px; padding-bottom: 0px; \"><div class=\"row-bg-wrap\" data-bg-animation=\"none\" data-bg-animation-delay=\"\" data-bg-overlay=\"false\"><div class=\"inner-wrap row-bg-layer\" ><div class=\"row-bg viewport-desktop\"  style=\"\"><\/div><\/div><\/div><div class=\"row_col_wrap_12 col span_12 dark left\">\n\t<div  class=\"vc_col-sm-12 wpb_column column_container vc_column_container col no-extra-padding inherit_tablet inherit_phone flex_gap_desktop_10px\"  data-padding-pos=\"all\" data-has-bg-color=\"false\" data-bg-color=\"\" data-bg-opacity=\"1\" data-animation=\"\" data-delay=\"0\" >\n\t\t<div class=\"vc_column-inner\" >\n\t\t\t<div class=\"wpb_wrapper\">\n\t\t\t\t<div class=\"img-with-aniamtion-wrap center\" data-max-width=\"100%\" data-max-width-mobile=\"200%\" data-shadow=\"none\" data-animation=\"none\" >\n      <div class=\"inner\">\n        <div class=\"hover-wrap\"> \n          <div class=\"hover-wrap-inner\">\n            <img decoding=\"async\" class=\"img-with-animation skip-lazy\" data-delay=\"0\" height=\"1333\" width=\"2000\" data-animation=\"none\" src=\"https:\/\/sifibeauvois.com\/wp-content\/uploads\/2026\/02\/sifi-beauvois-great-white-case-assembly.webp\" alt=\"sifi beauvois great white watch assembly\" srcset=\"https:\/\/sifibeauvois.com\/wp-content\/uploads\/2026\/02\/sifi-beauvois-great-white-case-assembly.webp 2000w, https:\/\/sifibeauvois.com\/wp-content\/uploads\/2026\/02\/sifi-beauvois-great-white-case-assembly-600x400.webp 600w, https:\/\/sifibeauvois.com\/wp-content\/uploads\/2026\/02\/sifi-beauvois-great-white-case-assembly-300x200.webp 300w, https:\/\/sifibeauvois.com\/wp-content\/uploads\/2026\/02\/sifi-beauvois-great-white-case-assembly-1024x682.webp 1024w, https:\/\/sifibeauvois.com\/wp-content\/uploads\/2026\/02\/sifi-beauvois-great-white-case-assembly-768x512.webp 768w, https:\/\/sifibeauvois.com\/wp-content\/uploads\/2026\/02\/sifi-beauvois-great-white-case-assembly-1536x1024.webp 1536w, https:\/\/sifibeauvois.com\/wp-content\/uploads\/2026\/02\/sifi-beauvois-great-white-case-assembly-18x12.webp 18w, https:\/\/sifibeauvois.com\/wp-content\/uploads\/2026\/02\/sifi-beauvois-great-white-case-assembly-900x600.webp 900w\" sizes=\"(max-width: 2000px) 100vw, 2000px\" \/>\n          <\/div>\n        <\/div>\n        \n      <\/div>\n    <\/div>\n\t\t\t<\/div> \n\t\t<\/div>\n\t<\/div> \n<\/div><\/div>\n\t\t<div id=\"fws_69dde3c0c9836\"  data-column-margin=\"default\" data-midnight=\"dark\"  class=\"wpb_row vc_row-fluid vc_row full-width-content vc_row-o-equal-height vc_row-flex vc_row-o-content-top\"  style=\"padding-top: 0px; padding-bottom: 0px; \"><div class=\"row-bg-wrap\" data-bg-animation=\"none\" data-bg-animation-delay=\"\" data-bg-overlay=\"false\"><div class=\"inner-wrap row-bg-layer\" ><div class=\"row-bg viewport-desktop\"  style=\"\"><\/div><\/div><\/div><div class=\"row_col_wrap_12 col span_12 dark left\">\n\t<div  class=\"vc_col-sm-12 wpb_column column_container vc_column_container col no-extra-padding inherit_tablet inherit_phone flex_gap_desktop_10px\"  data-padding-pos=\"all\" data-has-bg-color=\"false\" data-bg-color=\"\" data-bg-opacity=\"1\" data-animation=\"\" data-delay=\"0\" >\n\t\t<div class=\"vc_column-inner\" >\n\t\t\t<div class=\"wpb_wrapper\">\n\t\t\t\t<div class=\"img-with-aniamtion-wrap center\" data-max-width=\"100%\" data-max-width-mobile=\"200%\" data-shadow=\"none\" data-animation=\"none\" >\n      <div class=\"inner\">\n        <div class=\"hover-wrap\"> \n          <div class=\"hover-wrap-inner\">\n            <img decoding=\"async\" class=\"img-with-animation skip-lazy\" data-delay=\"0\" height=\"1333\" width=\"2000\" data-animation=\"none\" src=\"https:\/\/sifibeauvois.com\/wp-content\/uploads\/2026\/02\/sifi-beauvois-great-white-parts-machining.webp\" alt=\"sifi beauvois great white parts watch manufacturing\" srcset=\"https:\/\/sifibeauvois.com\/wp-content\/uploads\/2026\/02\/sifi-beauvois-great-white-parts-machining.webp 2000w, https:\/\/sifibeauvois.com\/wp-content\/uploads\/2026\/02\/sifi-beauvois-great-white-parts-machining-600x400.webp 600w, https:\/\/sifibeauvois.com\/wp-content\/uploads\/2026\/02\/sifi-beauvois-great-white-parts-machining-300x200.webp 300w, https:\/\/sifibeauvois.com\/wp-content\/uploads\/2026\/02\/sifi-beauvois-great-white-parts-machining-1024x682.webp 1024w, https:\/\/sifibeauvois.com\/wp-content\/uploads\/2026\/02\/sifi-beauvois-great-white-parts-machining-768x512.webp 768w, https:\/\/sifibeauvois.com\/wp-content\/uploads\/2026\/02\/sifi-beauvois-great-white-parts-machining-1536x1024.webp 1536w, https:\/\/sifibeauvois.com\/wp-content\/uploads\/2026\/02\/sifi-beauvois-great-white-parts-machining-18x12.webp 18w, https:\/\/sifibeauvois.com\/wp-content\/uploads\/2026\/02\/sifi-beauvois-great-white-parts-machining-900x600.webp 900w\" sizes=\"(max-width: 2000px) 100vw, 2000px\" \/>\n          <\/div>\n        <\/div>\n        \n      <\/div>\n    <\/div>\n\t\t\t<\/div> \n\t\t<\/div>\n\t<\/div> \n<\/div><\/div>","protected":false},"excerpt":{"rendered":"Servicing SIFI BEAUVOIS watches are high-precision mechanical timepieces, composed of numerous miniature components assembled with the utmost care to ensure reliability, robustness, and performance. As with any mechanical watch, periodic...","protected":false},"author":1,"featured_media":0,"parent":0,"menu_order":0,"comment_status":"closed","ping_status":"closed","template":"","meta":{"_acf_changed":false,"footnotes":""},"class_list":["post-2444","page","type-page","status-publish"],"acf":[],"yoast_head":"<!-- This site is optimized with the Yoast SEO Premium plugin v27.3 (Yoast SEO v27.3) - https:\/\/yoast.com\/product\/yoast-seo-premium-wordpress\/ -->\n<title>Servicing &#8211; SIFI BEAUVOIS<\/title>\n<meta name=\"robots\" content=\"index, follow, max-snippet:-1, max-image-preview:large, max-video-preview:-1\" \/>\n<link rel=\"canonical\" href=\"https:\/\/sifibeauvois.com\/fr\/servicing\/\" \/>\n<meta property=\"og:locale\" content=\"fr_FR\" \/>\n<meta property=\"og:type\" content=\"article\" \/>\n<meta property=\"og:title\" content=\"Servicing\" \/>\n<meta property=\"og:url\" content=\"https:\/\/sifibeauvois.com\/fr\/servicing\/\" \/>\n<meta property=\"og:site_name\" content=\"SIFI BEAUVOIS\" \/>\n<meta property=\"article:publisher\" content=\"https:\/\/www.instagram.com\/sifibeauvois\/\" \/>\n<meta property=\"article:modified_time\" content=\"2026-03-29T18:34:39+00:00\" \/>\n<meta name=\"twitter:card\" content=\"summary_large_image\" \/>\n<meta name=\"twitter:label1\" content=\"Dur\u00e9e de lecture estim\u00e9e\" \/>\n\t<meta name=\"twitter:data1\" content=\"5 minutes\" \/>\n<script type=\"application\/ld+json\" class=\"yoast-schema-graph\">{\"@context\":\"https:\\\/\\\/schema.org\",\"@graph\":[{\"@type\":\"WebPage\",\"@id\":\"https:\\\/\\\/sifibeauvois.com\\\/servicing\\\/\",\"url\":\"https:\\\/\\\/sifibeauvois.com\\\/servicing\\\/\",\"name\":\"Servicing &#8211; SIFI BEAUVOIS\",\"isPartOf\":{\"@id\":\"https:\\\/\\\/sifibeauvois.com\\\/#website\"},\"datePublished\":\"2024-07-22T09:41:36+00:00\",\"dateModified\":\"2026-03-29T18:34:39+00:00\",\"breadcrumb\":{\"@id\":\"https:\\\/\\\/sifibeauvois.com\\\/servicing\\\/#breadcrumb\"},\"inLanguage\":\"fr-FR\",\"potentialAction\":[{\"@type\":\"ReadAction\",\"target\":[\"https:\\\/\\\/sifibeauvois.com\\\/servicing\\\/\"]}]},{\"@type\":\"BreadcrumbList\",\"@id\":\"https:\\\/\\\/sifibeauvois.com\\\/servicing\\\/#breadcrumb\",\"itemListElement\":[{\"@type\":\"ListItem\",\"position\":1,\"name\":\"Home\",\"item\":\"https:\\\/\\\/sifibeauvois.com\\\/\"},{\"@type\":\"ListItem\",\"position\":2,\"name\":\"Servicing\"}]},{\"@type\":\"WebSite\",\"@id\":\"https:\\\/\\\/sifibeauvois.com\\\/#website\",\"url\":\"https:\\\/\\\/sifibeauvois.com\\\/\",\"name\":\"SIFI BEAUVOIS\",\"description\":\"High-End Watchmaking\",\"publisher\":{\"@id\":\"https:\\\/\\\/sifibeauvois.com\\\/#organization\"},\"potentialAction\":[{\"@type\":\"SearchAction\",\"target\":{\"@type\":\"EntryPoint\",\"urlTemplate\":\"https:\\\/\\\/sifibeauvois.com\\\/?s={search_term_string}\"},\"query-input\":{\"@type\":\"PropertyValueSpecification\",\"valueRequired\":true,\"valueName\":\"search_term_string\"}}],\"inLanguage\":\"fr-FR\"},{\"@type\":\"Organization\",\"@id\":\"https:\\\/\\\/sifibeauvois.com\\\/#organization\",\"name\":\"SIFI BEAUVOIS\",\"url\":\"https:\\\/\\\/sifibeauvois.com\\\/\",\"logo\":{\"@type\":\"ImageObject\",\"inLanguage\":\"fr-FR\",\"@id\":\"https:\\\/\\\/sifibeauvois.com\\\/#\\\/schema\\\/logo\\\/image\\\/\",\"url\":\"https:\\\/\\\/sifibeauvois.com\\\/wp-content\\\/uploads\\\/2024\\\/08\\\/LOGO-SIFI-BEAUVOIS-72.png\",\"contentUrl\":\"https:\\\/\\\/sifibeauvois.com\\\/wp-content\\\/uploads\\\/2024\\\/08\\\/LOGO-SIFI-BEAUVOIS-72.png\",\"width\":4096,\"height\":4096,\"caption\":\"SIFI BEAUVOIS\"},\"image\":{\"@id\":\"https:\\\/\\\/sifibeauvois.com\\\/#\\\/schema\\\/logo\\\/image\\\/\"},\"sameAs\":[\"https:\\\/\\\/www.instagram.com\\\/sifibeauvois\\\/\"]}]}<\/script>\n<!-- \/ Yoast SEO Premium plugin. -->","yoast_head_json":{"title":"Servicing &#8211; SIFI BEAUVOIS","robots":{"index":"index","follow":"follow","max-snippet":"max-snippet:-1","max-image-preview":"max-image-preview:large","max-video-preview":"max-video-preview:-1"},"canonical":"https:\/\/sifibeauvois.com\/fr\/servicing\/","og_locale":"fr_FR","og_type":"article","og_title":"Servicing","og_url":"https:\/\/sifibeauvois.com\/fr\/servicing\/","og_site_name":"SIFI BEAUVOIS","article_publisher":"https:\/\/www.instagram.com\/sifibeauvois\/","article_modified_time":"2026-03-29T18:34:39+00:00","twitter_card":"summary_large_image","twitter_misc":{"Dur\u00e9e de lecture estim\u00e9e":"5 minutes"},"schema":{"@context":"https:\/\/schema.org","@graph":[{"@type":"WebPage","@id":"https:\/\/sifibeauvois.com\/servicing\/","url":"https:\/\/sifibeauvois.com\/servicing\/","name":"Servicing &#8211; SIFI BEAUVOIS","isPartOf":{"@id":"https:\/\/sifibeauvois.com\/#website"},"datePublished":"2024-07-22T09:41:36+00:00","dateModified":"2026-03-29T18:34:39+00:00","breadcrumb":{"@id":"https:\/\/sifibeauvois.com\/servicing\/#breadcrumb"},"inLanguage":"fr-FR","potentialAction":[{"@type":"ReadAction","target":["https:\/\/sifibeauvois.com\/servicing\/"]}]},{"@type":"BreadcrumbList","@id":"https:\/\/sifibeauvois.com\/servicing\/#breadcrumb","itemListElement":[{"@type":"ListItem","position":1,"name":"Home","item":"https:\/\/sifibeauvois.com\/"},{"@type":"ListItem","position":2,"name":"Servicing"}]},{"@type":"WebSite","@id":"https:\/\/sifibeauvois.com\/#website","url":"https:\/\/sifibeauvois.com\/","name":"SIFI BEAUVOIS","description":"High-End Watchmaking","publisher":{"@id":"https:\/\/sifibeauvois.com\/#organization"},"potentialAction":[{"@type":"SearchAction","target":{"@type":"EntryPoint","urlTemplate":"https:\/\/sifibeauvois.com\/?s={search_term_string}"},"query-input":{"@type":"PropertyValueSpecification","valueRequired":true,"valueName":"search_term_string"}}],"inLanguage":"fr-FR"},{"@type":"Organization","@id":"https:\/\/sifibeauvois.com\/#organization","name":"SIFI BEAUVOIS","url":"https:\/\/sifibeauvois.com\/","logo":{"@type":"ImageObject","inLanguage":"fr-FR","@id":"https:\/\/sifibeauvois.com\/#\/schema\/logo\/image\/","url":"https:\/\/sifibeauvois.com\/wp-content\/uploads\/2024\/08\/LOGO-SIFI-BEAUVOIS-72.png","contentUrl":"https:\/\/sifibeauvois.com\/wp-content\/uploads\/2024\/08\/LOGO-SIFI-BEAUVOIS-72.png","width":4096,"height":4096,"caption":"SIFI BEAUVOIS"},"image":{"@id":"https:\/\/sifibeauvois.com\/#\/schema\/logo\/image\/"},"sameAs":["https:\/\/www.instagram.com\/sifibeauvois\/"]}]}},"_links":{"self":[{"href":"https:\/\/sifibeauvois.com\/fr\/wp-json\/wp\/v2\/pages\/2444","targetHints":{"allow":["GET"]}}],"collection":[{"href":"https:\/\/sifibeauvois.com\/fr\/wp-json\/wp\/v2\/pages"}],"about":[{"href":"https:\/\/sifibeauvois.com\/fr\/wp-json\/wp\/v2\/types\/page"}],"author":[{"embeddable":true,"href":"https:\/\/sifibeauvois.com\/fr\/wp-json\/wp\/v2\/users\/1"}],"replies":[{"embeddable":true,"href":"https:\/\/sifibeauvois.com\/fr\/wp-json\/wp\/v2\/comments?post=2444"}],"version-history":[{"count":205,"href":"https:\/\/sifibeauvois.com\/fr\/wp-json\/wp\/v2\/pages\/2444\/revisions"}],"predecessor-version":[{"id":7051,"href":"https:\/\/sifibeauvois.com\/fr\/wp-json\/wp\/v2\/pages\/2444\/revisions\/7051"}],"wp:attachment":[{"href":"https:\/\/sifibeauvois.com\/fr\/wp-json\/wp\/v2\/media?parent=2444"}],"curies":[{"name":"wp","href":"https:\/\/api.w.org\/{rel}","templated":true}]}}