{"id":2783,"date":"2024-07-27T23:15:20","date_gmt":"2024-07-27T21:15:20","guid":{"rendered":"https:\/\/sfbvwatches.com\/?page_id=2783"},"modified":"2026-04-04T00:41:43","modified_gmt":"2026-04-03T22:41:43","slug":"terms-of-warranty","status":"publish","type":"page","link":"https:\/\/sifibeauvois.com\/fr\/terms-of-warranty\/","title":{"rendered":"Conditions de garantie"},"content":{"rendered":"<div id=\"fws_69ddc20b65947\"  data-column-margin=\"default\" data-midnight=\"dark\" data-top-percent=\"10%\" data-bottom-percent=\"5%\"  class=\"wpb_row vc_row-fluid vc_row full-width-content vc_row-o-equal-height vc_row-flex vc_row-o-content-top  right_padding_15pct left_padding_15pct top_padding_phone_30pct bottom_padding_phone_20pct right_padding_tablet_5pct right_padding_phone_5pct left_padding_tablet_5pct left_padding_phone_5pct\"  style=\"padding-top: calc(100vw * 0.10); padding-bottom: calc(100vw * 0.05); \"><div class=\"row-bg-wrap\" data-bg-animation=\"none\" data-bg-animation-delay=\"\" data-bg-overlay=\"false\"><div class=\"inner-wrap row-bg-layer\" ><div class=\"row-bg viewport-desktop\"  style=\"\"><\/div><\/div><\/div><div class=\"row_col_wrap_12 col span_12 dark left\">\n\t<div  class=\"vc_col-sm-12 wpb_column column_container vc_column_container col centered-text has-animation no-extra-padding force-desktop-text-align-center el_spacing_0px inherit_tablet inherit_phone flex_gap_desktop_10px\"  data-padding-pos=\"all\" data-has-bg-color=\"false\" data-bg-color=\"\" data-bg-opacity=\"1\" data-animation=\"flip-in-vertical\" data-delay=\"0\" >\n\t\t<div class=\"vc_column-inner\" >\n\t\t\t<div class=\"wpb_wrapper\">\n\t\t\t\t<div class=\"nectar-split-heading\" data-align=\"default\" data-m-align=\"inherit\" data-text-effect=\"default\" data-animation-type=\"line-reveal-by-space\" data-animation-delay=\"0\" data-animation-offset=\"\" data-m-rm-animation=\"\" data-stagger=\"\" data-custom-font-size=\"false\" ><h2 >Garantie internationale<\/h2><\/div>\n\t\t\t<\/div> \n\t\t<\/div>\n\t<\/div> \n<\/div><\/div>\n\t\t<div id=\"fws_69ddc20b662b1\"  data-column-margin=\"default\" data-midnight=\"dark\" data-top-percent=\"5%\" data-bottom-percent=\"15%\"  class=\"wpb_row vc_row-fluid vc_row full-width-content vc_row-o-equal-height vc_row-flex vc_row-o-content-top  right_padding_15pct left_padding_15pct top_padding_phone_10pct bottom_padding_phone_50pct right_padding_tablet_5pct right_padding_phone_5pct left_padding_tablet_5pct left_padding_phone_5pct\"  style=\"padding-top: calc(100vw * 0.05); padding-bottom: calc(100vw * 0.15); \"><div class=\"row-bg-wrap\" data-bg-animation=\"none\" data-bg-animation-delay=\"\" data-bg-overlay=\"false\"><div class=\"inner-wrap row-bg-layer\" ><div class=\"row-bg viewport-desktop\"  style=\"\"><\/div><\/div><\/div><div class=\"row_col_wrap_12 col span_12 dark left\">\n\t<div  class=\"vc_col-sm-12 sb-text-refined wpb_column column_container vc_column_container col has-animation no-extra-padding inherit_tablet inherit_phone flex_gap_desktop_10px\"  data-padding-pos=\"all\" data-has-bg-color=\"false\" data-bg-color=\"\" data-bg-opacity=\"1\" data-animation=\"fade-in-from-bottom\" data-delay=\"0\" >\n\t\t<div class=\"vc_column-inner\" >\n\t\t\t<div class=\"wpb_wrapper\">\n\t\t\t\t\n<div class=\"wpb_text_column wpb_content_element\" >\n\t<h4>Conditions de garantie<\/h4>\n<p>Les pr\u00e9sentes conditions de la garantie internationale SIFI BEAUVOIS s\u2019appliquent \u00e0 toutes les montres vendues ou pr\u00e9sent\u00e9es pour un service de garantie dans tous les pays, \u00e0 l\u2019exception des \u00c9tats-Unis d\u2019Am\u00e9rique et du Canada. Pour ces deux pays, veuillez vous r\u00e9f\u00e9rer \u00e0 la garantie limit\u00e9e SIFI BEAUVOIS.<\/p>\n<p>Les montres SIFI BEAUVOIS sont des produits de haute pr\u00e9cision. Avant leur livraison, chaque montre est soumise \u00e0 une s\u00e9rie de contr\u00f4les de qualit\u00e9 rigoureux. Toutefois, en cas de d\u00e9faut de fabrication, votre montre est couverte par la garantie internationale SIFI BEAUVOIS pendant deux ans \u00e0 compter de la date de livraison. Cette garantie est valable dans le monde entier \u00e0 condition que les conditions cumulatives suivantes soient remplies :<\/p>\n<p>\u2013 La montre a \u00e9t\u00e9 achet\u00e9e aupr\u00e8s d\u2019un revendeur agr\u00e9\u00e9 SIFI BEAUVOIS ou directement sur notre boutique en ligne officielle.<\/p>\n<p>\u2013 La montre a \u00e9t\u00e9 port\u00e9e dans des conditions normales, entretenue conform\u00e9ment \u00e0 nos recommandations d\u2019entretien et n\u2019a pas fait l\u2019objet d\u2019une utilisation ou d\u2019une manipulation inappropri\u00e9e.<\/p>\n<p>\u2013 La facture constitue la preuve d\u2019achat et doit \u00eatre pr\u00e9sent\u00e9e lorsque la montre est retourn\u00e9e pour service. Toute modification, alt\u00e9ration ou falsification de la facture ou des informations relatives \u00e0 l\u2019achat peut rendre la garantie nulle et non avenue.<\/p>\n<p>&nbsp;<\/p>\n<h4>Exclusions<\/h4>\n<p>Veuillez noter que cette garantie ne couvre pas :<\/p>\n<p>\u2013 L\u2019usure normale, le vieillissement naturel de votre montre, ainsi que les rayures pouvant appara\u00eetre sur le bo\u00eetier, le bracelet ou les glaces saphir lors de l\u2019utilisation.<\/p>\n<p>\u2013 Les dommages r\u00e9sultant d\u2019une mauvaise manipulation, d\u2019une utilisation incorrecte, d\u2019un manque de soin, d\u2019une n\u00e9gligence ou d\u2019accidents (par exemple : chocs violents, vibrations, \u00e9crasement, exposition \u00e0 des champs magn\u00e9tiques puissants, temp\u00e9ratures excessives, etc.).<\/p>\n<p>\u2013 La perte d\u2019\u00e9tanch\u00e9it\u00e9 apr\u00e8s deux ans \u00e0 compter de la date de livraison, sauf si la montre a subi un test d\u2019\u00e9tanch\u00e9it\u00e9 valid\u00e9 par un partenaire de service agr\u00e9\u00e9 SIFI BEAUVOIS. Pour les sp\u00e9cifications d\u2019\u00e9tanch\u00e9it\u00e9, les recommandations d\u2019utilisation et les consignes d\u2019entretien, veuillez vous reporter \u00e0 la section correspondante du manuel d\u2019utilisation.<\/p>\n<p>\u2013 Les dommages r\u00e9sultant de travaux effectu\u00e9s par des centres de service non agr\u00e9\u00e9s, ni de toute modification de l\u2019\u00e9tat d\u2019origine de la montre \u00e9chappant au contr\u00f4le de SIFI BEAUVOIS.<\/p>\n<p>&nbsp;<\/p>\n<h4>Service de garantie<\/h4>\n<p>Toute pi\u00e8ce reconnue d\u00e9fectueuse en raison d\u2019un d\u00e9faut de fabrication existant au moment de la livraison sera r\u00e9par\u00e9e ou remplac\u00e9e sans frais. La d\u00e9cision de r\u00e9parer, de remplacer ou de prendre toute autre mesure appropri\u00e9e au titre de la pr\u00e9sente garantie appartient exclusivement \u00e0 SIFI BEAUVOIS.<\/p>\n<\/div>\n\n\n\n\n\t\t\t<\/div> \n\t\t<\/div>\n\t<\/div> \n<\/div><\/div>\n\t\t<div id=\"fws_69ddc20b66a2e\"  data-column-margin=\"default\" data-midnight=\"dark\" data-top-percent=\"10%\" data-bottom-percent=\"5%\"  class=\"wpb_row vc_row-fluid vc_row full-width-content vc_row-o-equal-height vc_row-flex vc_row-o-content-top  right_padding_15pct left_padding_15pct top_padding_phone_30pct bottom_padding_phone_20pct right_padding_tablet_5pct right_padding_phone_5pct left_padding_tablet_5pct left_padding_phone_5pct\"  style=\"padding-top: calc(100vw * 0.10); padding-bottom: calc(100vw * 0.05); \"><div class=\"row-bg-wrap\" data-bg-animation=\"none\" data-bg-animation-delay=\"\" data-bg-overlay=\"false\"><div class=\"inner-wrap row-bg-layer\" ><div class=\"row-bg viewport-desktop\"  style=\"\"><\/div><\/div><\/div><div class=\"row_col_wrap_12 col span_12 dark left\">\n\t<div  class=\"vc_col-sm-12 wpb_column column_container vc_column_container col centered-text has-animation no-extra-padding force-desktop-text-align-center el_spacing_0px inherit_tablet inherit_phone flex_gap_desktop_10px\"  data-padding-pos=\"all\" data-has-bg-color=\"false\" data-bg-color=\"\" data-bg-opacity=\"1\" data-animation=\"flip-in-vertical\" data-delay=\"0\" >\n\t\t<div class=\"vc_column-inner\" >\n\t\t\t<div class=\"wpb_wrapper\">\n\t\t\t\t<div class=\"nectar-split-heading\" data-align=\"default\" data-m-align=\"inherit\" data-text-effect=\"default\" data-animation-type=\"line-reveal-by-space\" data-animation-delay=\"0\" data-animation-offset=\"\" data-m-rm-animation=\"\" data-stagger=\"\" data-custom-font-size=\"false\" ><h2 >Garantie limit\u00e9e \u2013 \u00c9tats-Unis et Canada<\/h2><\/div>\n\t\t\t<\/div> \n\t\t<\/div>\n\t<\/div> \n<\/div><\/div>\n\t\t<div id=\"fws_69ddc20b66fc0\"  data-column-margin=\"default\" data-midnight=\"dark\" data-top-percent=\"5%\" data-bottom-percent=\"15%\"  class=\"wpb_row vc_row-fluid vc_row full-width-content vc_row-o-equal-height vc_row-flex vc_row-o-content-top  right_padding_15pct left_padding_15pct top_padding_phone_10pct bottom_padding_phone_50pct right_padding_tablet_5pct right_padding_phone_5pct left_padding_tablet_5pct left_padding_phone_5pct\"  style=\"padding-top: calc(100vw * 0.05); padding-bottom: calc(100vw * 0.15); \"><div class=\"row-bg-wrap\" data-bg-animation=\"none\" data-bg-animation-delay=\"\" data-bg-overlay=\"false\"><div class=\"inner-wrap row-bg-layer\" ><div class=\"row-bg viewport-desktop\"  style=\"\"><\/div><\/div><\/div><div class=\"row_col_wrap_12 col span_12 dark left\">\n\t<div  class=\"vc_col-sm-12 sb-text-refined wpb_column column_container vc_column_container col has-animation no-extra-padding inherit_tablet inherit_phone flex_gap_desktop_10px\"  data-padding-pos=\"all\" data-has-bg-color=\"false\" data-bg-color=\"\" data-bg-opacity=\"1\" data-animation=\"fade-in-from-bottom\" data-delay=\"0\" >\n\t\t<div class=\"vc_column-inner\" >\n\t\t\t<div class=\"wpb_wrapper\">\n\t\t\t\t\n<div class=\"wpb_text_column wpb_content_element\" >\n\t<h4>Conditions de garantie<\/h4>\n<p>Les pr\u00e9sentes conditions de la garantie limit\u00e9e SIFI BEAUVOIS s\u2019appliquent exclusivement aux montres vendues ou pr\u00e9sent\u00e9es pour un service de garantie aux \u00c9tats-Unis d\u2019Am\u00e9rique et au Canada.<\/p>\n<p>&nbsp;<\/p>\n<p>Les montres SIFI BEAUVOIS sont des produits de haute pr\u00e9cision. Avant leur livraison, chaque montre est soumise \u00e0 une s\u00e9rie de contr\u00f4les de qualit\u00e9 rigoureux. Toutefois, en cas de d\u00e9faut de fabrication, votre montre est couverte par la garantie limit\u00e9e SIFI BEAUVOIS pendant deux ans \u00e0 compter de la date de livraison. Cette garantie est valable dans le monde entier \u00e0 condition que les conditions cumulatives suivantes soient remplies :<\/p>\n<p>\u2013 La montre a \u00e9t\u00e9 achet\u00e9e aupr\u00e8s d\u2019un revendeur agr\u00e9\u00e9 SIFI BEAUVOIS ou directement sur notre boutique en ligne officielle.<\/p>\n<p>\u2013 La montre a \u00e9t\u00e9 port\u00e9e dans des conditions normales, entretenue conform\u00e9ment \u00e0 nos recommandations d\u2019entretien et n\u2019a pas fait l\u2019objet d\u2019une utilisation ou d\u2019une manipulation inappropri\u00e9e.<\/p>\n<p>\u2013 La facture constitue la preuve d\u2019achat et doit \u00eatre pr\u00e9sent\u00e9e lorsque la montre est retourn\u00e9e pour service. Toute modification, alt\u00e9ration ou falsification de la facture ou des informations relatives \u00e0 l\u2019achat peut rendre la garantie nulle et non avenue.<\/p>\n<p>&nbsp;<\/p>\n<h4>Exclusions<\/h4>\n<p>Veuillez noter que cette garantie limit\u00e9e ne couvre pas :<\/p>\n<p>\u2013 L\u2019usure normale, le vieillissement naturel de votre montre, ainsi que les rayures pouvant appara\u00eetre sur le bo\u00eetier, le bracelet ou les glaces saphir lors de l\u2019utilisation.<\/p>\n<p>\u2013 Les dommages r\u00e9sultant d\u2019une mauvaise manipulation, d\u2019une utilisation incorrecte, d\u2019un manque de soin, d\u2019une n\u00e9gligence ou d\u2019accidents (par exemple : chocs violents, vibrations, \u00e9crasement, exposition \u00e0 des champs magn\u00e9tiques puissants, temp\u00e9ratures excessives, etc.).<\/p>\n<p>\u2013 La perte d\u2019\u00e9tanch\u00e9it\u00e9 apr\u00e8s deux ans \u00e0 compter de la date de livraison, sauf si la montre a subi un test d\u2019\u00e9tanch\u00e9it\u00e9 valid\u00e9 par un partenaire de service agr\u00e9\u00e9 SIFI BEAUVOIS. Pour les sp\u00e9cifications d\u2019\u00e9tanch\u00e9it\u00e9, les recommandations d\u2019utilisation et les consignes d\u2019entretien, veuillez vous reporter \u00e0 la section correspondante du manuel d\u2019utilisation.<\/p>\n<p>\u2013 Les dommages r\u00e9sultant de travaux effectu\u00e9s par des centres de service non agr\u00e9\u00e9s, ni de toute modification de l\u2019\u00e9tat d\u2019origine de la montre \u00e9chappant au contr\u00f4le de SIFI BEAUVOIS.<\/p>\n<p>&nbsp;<\/p>\n<h4>Service de garantie limit\u00e9e<\/h4>\n<p>Toute pi\u00e8ce reconnue d\u00e9fectueuse en raison d\u2019un d\u00e9faut de fabrication existant au moment de la livraison sera r\u00e9par\u00e9e ou remplac\u00e9e sans frais. La d\u00e9cision de r\u00e9parer, de remplacer ou de prendre toute autre mesure appropri\u00e9e au titre de la pr\u00e9sente garantie limit\u00e9e appartient exclusivement \u00e0 SIFI BEAUVOIS. Pour obtenir un service au titre de la garantie, veuillez contacter SIFI BEAUVOIS \u00e0 l\u2019adresse warranty@sifibeauvois.com.<\/p>\n<p>&nbsp;<\/p>\n<h4>Legal Notice \u2013 United States &amp; Canada<\/h4>\n<p>La pr\u00e9sente garantie limit\u00e9e constitue la garantie exclusive du fabricant fournie par SIFI BEAUVOIS, sauf disposition contraire de la loi applicable.<\/p>\n<p>Toute garantie implicite, y compris, sans s\u2019y limiter, toute garantie implicite de qualit\u00e9 marchande ou d\u2019ad\u00e9quation \u00e0 un usage particulier, est limit\u00e9e \u00e0 la dur\u00e9e de la pr\u00e9sente garantie limit\u00e9e.<\/p>\n<p>SIFI BEAUVOIS ne pourra \u00eatre tenu responsable de dommages accessoires, indirects ou cons\u00e9cutifs, y compris, sans s\u2019y limiter, toute perte d\u2019usage, perte de temps, perte commerciale ou tout autre dommage connexe.<\/p>\n<p>Certains \u00c9tats, provinces ou territoires n\u2019autorisent pas les limitations de dur\u00e9e d\u2019une garantie implicite ni l\u2019exclusion ou la limitation des dommages accessoires ou cons\u00e9cutifs. Par cons\u00e9quent, les limitations ou exclusions ci-dessus peuvent ne pas s\u2019appliquer \u00e0 vous.<\/p>\n<p>La pr\u00e9sente garantie limit\u00e9e vous conf\u00e8re des droits l\u00e9gaux sp\u00e9cifiques, et vous pouvez \u00e9galement disposer d\u2019autres droits qui varient d\u2019un \u00c9tat \u00e0 l\u2019autre, d\u2019une province \u00e0 l\u2019autre ou d\u2019un territoire \u00e0 l\u2019autre.<\/p>\n<\/div>\n\n\n\n\n\t\t\t<\/div> \n\t\t<\/div>\n\t<\/div> \n<\/div><\/div>","protected":false},"excerpt":{"rendered":"International Warranty Terms of Warranty The following Terms of the SIFI BEAUVOIS International Warranty apply to all watches sold or presented for warranty service in any country, with the exception...","protected":false},"author":1,"featured_media":0,"parent":0,"menu_order":0,"comment_status":"closed","ping_status":"closed","template":"","meta":{"_acf_changed":false,"footnotes":""},"class_list":["post-2783","page","type-page","status-publish"],"acf":[],"yoast_head":"<!-- This site is optimized with the Yoast SEO Premium plugin v27.3 (Yoast SEO v27.3) - https:\/\/yoast.com\/product\/yoast-seo-premium-wordpress\/ -->\n<title>Terms of Warranty &#8211; SIFI BEAUVOIS<\/title>\n<meta name=\"robots\" content=\"index, follow, max-snippet:-1, max-image-preview:large, max-video-preview:-1\" \/>\n<link rel=\"canonical\" href=\"https:\/\/sifibeauvois.com\/fr\/terms-of-warranty\/\" \/>\n<meta property=\"og:locale\" content=\"fr_FR\" \/>\n<meta property=\"og:type\" content=\"article\" \/>\n<meta property=\"og:title\" content=\"Terms of Warranty\" \/>\n<meta property=\"og:url\" content=\"https:\/\/sifibeauvois.com\/fr\/terms-of-warranty\/\" \/>\n<meta property=\"og:site_name\" content=\"SIFI BEAUVOIS\" \/>\n<meta property=\"article:publisher\" content=\"https:\/\/www.instagram.com\/sifibeauvois\/\" \/>\n<meta property=\"article:modified_time\" content=\"2026-04-03T22:41:43+00:00\" \/>\n<meta name=\"twitter:card\" content=\"summary_large_image\" \/>\n<meta name=\"twitter:label1\" content=\"Dur\u00e9e de lecture estim\u00e9e\" \/>\n\t<meta name=\"twitter:data1\" content=\"10 minutes\" \/>\n<script type=\"application\/ld+json\" class=\"yoast-schema-graph\">{\"@context\":\"https:\\\/\\\/schema.org\",\"@graph\":[{\"@type\":\"WebPage\",\"@id\":\"https:\\\/\\\/sifibeauvois.com\\\/terms-of-warranty\\\/\",\"url\":\"https:\\\/\\\/sifibeauvois.com\\\/terms-of-warranty\\\/\",\"name\":\"Terms of Warranty &#8211; SIFI BEAUVOIS\",\"isPartOf\":{\"@id\":\"https:\\\/\\\/sifibeauvois.com\\\/#website\"},\"datePublished\":\"2024-07-27T21:15:20+00:00\",\"dateModified\":\"2026-04-03T22:41:43+00:00\",\"breadcrumb\":{\"@id\":\"https:\\\/\\\/sifibeauvois.com\\\/terms-of-warranty\\\/#breadcrumb\"},\"inLanguage\":\"fr-FR\",\"potentialAction\":[{\"@type\":\"ReadAction\",\"target\":[\"https:\\\/\\\/sifibeauvois.com\\\/terms-of-warranty\\\/\"]}]},{\"@type\":\"BreadcrumbList\",\"@id\":\"https:\\\/\\\/sifibeauvois.com\\\/terms-of-warranty\\\/#breadcrumb\",\"itemListElement\":[{\"@type\":\"ListItem\",\"position\":1,\"name\":\"Home\",\"item\":\"https:\\\/\\\/sifibeauvois.com\\\/\"},{\"@type\":\"ListItem\",\"position\":2,\"name\":\"Terms of Warranty\"}]},{\"@type\":\"WebSite\",\"@id\":\"https:\\\/\\\/sifibeauvois.com\\\/#website\",\"url\":\"https:\\\/\\\/sifibeauvois.com\\\/\",\"name\":\"SIFI BEAUVOIS\",\"description\":\"High-End Watchmaking\",\"publisher\":{\"@id\":\"https:\\\/\\\/sifibeauvois.com\\\/#organization\"},\"potentialAction\":[{\"@type\":\"SearchAction\",\"target\":{\"@type\":\"EntryPoint\",\"urlTemplate\":\"https:\\\/\\\/sifibeauvois.com\\\/?s={search_term_string}\"},\"query-input\":{\"@type\":\"PropertyValueSpecification\",\"valueRequired\":true,\"valueName\":\"search_term_string\"}}],\"inLanguage\":\"fr-FR\"},{\"@type\":\"Organization\",\"@id\":\"https:\\\/\\\/sifibeauvois.com\\\/#organization\",\"name\":\"SIFI BEAUVOIS\",\"url\":\"https:\\\/\\\/sifibeauvois.com\\\/\",\"logo\":{\"@type\":\"ImageObject\",\"inLanguage\":\"fr-FR\",\"@id\":\"https:\\\/\\\/sifibeauvois.com\\\/#\\\/schema\\\/logo\\\/image\\\/\",\"url\":\"https:\\\/\\\/sifibeauvois.com\\\/wp-content\\\/uploads\\\/2024\\\/08\\\/LOGO-SIFI-BEAUVOIS-72.png\",\"contentUrl\":\"https:\\\/\\\/sifibeauvois.com\\\/wp-content\\\/uploads\\\/2024\\\/08\\\/LOGO-SIFI-BEAUVOIS-72.png\",\"width\":4096,\"height\":4096,\"caption\":\"SIFI BEAUVOIS\"},\"image\":{\"@id\":\"https:\\\/\\\/sifibeauvois.com\\\/#\\\/schema\\\/logo\\\/image\\\/\"},\"sameAs\":[\"https:\\\/\\\/www.instagram.com\\\/sifibeauvois\\\/\"]}]}<\/script>\n<!-- \/ Yoast SEO Premium plugin. -->","yoast_head_json":{"title":"Terms of Warranty &#8211; SIFI BEAUVOIS","robots":{"index":"index","follow":"follow","max-snippet":"max-snippet:-1","max-image-preview":"max-image-preview:large","max-video-preview":"max-video-preview:-1"},"canonical":"https:\/\/sifibeauvois.com\/fr\/terms-of-warranty\/","og_locale":"fr_FR","og_type":"article","og_title":"Terms of Warranty","og_url":"https:\/\/sifibeauvois.com\/fr\/terms-of-warranty\/","og_site_name":"SIFI BEAUVOIS","article_publisher":"https:\/\/www.instagram.com\/sifibeauvois\/","article_modified_time":"2026-04-03T22:41:43+00:00","twitter_card":"summary_large_image","twitter_misc":{"Dur\u00e9e de lecture estim\u00e9e":"10 minutes"},"schema":{"@context":"https:\/\/schema.org","@graph":[{"@type":"WebPage","@id":"https:\/\/sifibeauvois.com\/terms-of-warranty\/","url":"https:\/\/sifibeauvois.com\/terms-of-warranty\/","name":"Terms of Warranty &#8211; SIFI BEAUVOIS","isPartOf":{"@id":"https:\/\/sifibeauvois.com\/#website"},"datePublished":"2024-07-27T21:15:20+00:00","dateModified":"2026-04-03T22:41:43+00:00","breadcrumb":{"@id":"https:\/\/sifibeauvois.com\/terms-of-warranty\/#breadcrumb"},"inLanguage":"fr-FR","potentialAction":[{"@type":"ReadAction","target":["https:\/\/sifibeauvois.com\/terms-of-warranty\/"]}]},{"@type":"BreadcrumbList","@id":"https:\/\/sifibeauvois.com\/terms-of-warranty\/#breadcrumb","itemListElement":[{"@type":"ListItem","position":1,"name":"Home","item":"https:\/\/sifibeauvois.com\/"},{"@type":"ListItem","position":2,"name":"Terms of Warranty"}]},{"@type":"WebSite","@id":"https:\/\/sifibeauvois.com\/#website","url":"https:\/\/sifibeauvois.com\/","name":"SIFI BEAUVOIS","description":"High-End Watchmaking","publisher":{"@id":"https:\/\/sifibeauvois.com\/#organization"},"potentialAction":[{"@type":"SearchAction","target":{"@type":"EntryPoint","urlTemplate":"https:\/\/sifibeauvois.com\/?s={search_term_string}"},"query-input":{"@type":"PropertyValueSpecification","valueRequired":true,"valueName":"search_term_string"}}],"inLanguage":"fr-FR"},{"@type":"Organization","@id":"https:\/\/sifibeauvois.com\/#organization","name":"SIFI BEAUVOIS","url":"https:\/\/sifibeauvois.com\/","logo":{"@type":"ImageObject","inLanguage":"fr-FR","@id":"https:\/\/sifibeauvois.com\/#\/schema\/logo\/image\/","url":"https:\/\/sifibeauvois.com\/wp-content\/uploads\/2024\/08\/LOGO-SIFI-BEAUVOIS-72.png","contentUrl":"https:\/\/sifibeauvois.com\/wp-content\/uploads\/2024\/08\/LOGO-SIFI-BEAUVOIS-72.png","width":4096,"height":4096,"caption":"SIFI BEAUVOIS"},"image":{"@id":"https:\/\/sifibeauvois.com\/#\/schema\/logo\/image\/"},"sameAs":["https:\/\/www.instagram.com\/sifibeauvois\/"]}]}},"_links":{"self":[{"href":"https:\/\/sifibeauvois.com\/fr\/wp-json\/wp\/v2\/pages\/2783","targetHints":{"allow":["GET"]}}],"collection":[{"href":"https:\/\/sifibeauvois.com\/fr\/wp-json\/wp\/v2\/pages"}],"about":[{"href":"https:\/\/sifibeauvois.com\/fr\/wp-json\/wp\/v2\/types\/page"}],"author":[{"embeddable":true,"href":"https:\/\/sifibeauvois.com\/fr\/wp-json\/wp\/v2\/users\/1"}],"replies":[{"embeddable":true,"href":"https:\/\/sifibeauvois.com\/fr\/wp-json\/wp\/v2\/comments?post=2783"}],"version-history":[{"count":43,"href":"https:\/\/sifibeauvois.com\/fr\/wp-json\/wp\/v2\/pages\/2783\/revisions"}],"predecessor-version":[{"id":7240,"href":"https:\/\/sifibeauvois.com\/fr\/wp-json\/wp\/v2\/pages\/2783\/revisions\/7240"}],"wp:attachment":[{"href":"https:\/\/sifibeauvois.com\/fr\/wp-json\/wp\/v2\/media?parent=2783"}],"curies":[{"name":"wp","href":"https:\/\/api.w.org\/{rel}","templated":true}]}}